{"id":770,"date":"2021-12-22T16:06:02","date_gmt":"2021-12-22T15:06:02","guid":{"rendered":"https:\/\/kebbe.iefc.net\/?page_id=770"},"modified":"2022-06-15T14:15:04","modified_gmt":"2022-06-15T12:15:04","slug":"elementor-770","status":"publish","type":"page","link":"https:\/\/kebbe.iefc.net\/es\/","title":{"rendered":"Accueil"},"content":{"rendered":"<style>\/*! elementor - v3.6.5 - 27-04-2022 *\/\n.elementor-widget-image-carousel .swiper-container{position:static}.elementor-widget-image-carousel .swiper-container .swiper-slide figure{line-height:inherit}.elementor-widget-image-carousel .swiper-slide{text-align:center}.elementor-image-carousel-wrapper:not(.swiper-container-initialized) .swiper-slide{max-width:calc(100% \/ var(--e-image-carousel-slides-to-show, 3))}<\/style>\n<figure><img decoding=\"async\" src=\"https:\/\/kebbe.iefc.net\/wp-content\/uploads\/elementor\/thumbs\/signal-2021-05-31-201105_004-pgrzyqn3chfyfa1mfb6ygxfjw1yxnlbsjlooa0t1b4.jpeg\" alt=\"Arbre, tronc, \u00e9cole, ardoise, gemme, r\u00e9sine\" \/><\/figure>\n<figure><img decoding=\"async\" src=\"https:\/\/kebbe.iefc.net\/wp-content\/uploads\/elementor\/thumbs\/ClasseVerte1-1-scaled-pgwy3gw9ebzi3v74l8xzcp5lmqfzd3f27nyfp8l78g.jpg\" alt=\"\u00c9l\u00e8ves de primaire en classe verte. Armand leur explique le gemmage et leur montre de la r\u00e9sine.\" \/><\/figure>\n<figure><img decoding=\"async\" src=\"https:\/\/kebbe.iefc.net\/wp-content\/uploads\/elementor\/thumbs\/kids-g81151ab9f_1920-pgs04ghqx79r1vqm1a694zhhzfsbhb10bwk0dmbtgg.jpg\" alt=\"Enfant \u00e0 l&#039;\u00e9cole\" \/><\/figure>\n<figure><img decoding=\"async\" src=\"https:\/\/kebbe.iefc.net\/wp-content\/uploads\/elementor\/thumbs\/DSC_0140.JPG-scaled-pgx1al6oevkq0lzbdic385cwql1b2lflpga8m7wf6o.jpg\" alt=\"\u00e9l\u00e9ves, coll\u00e8ge, classe verte, lyc\u00e9e, \u00e9tudiant, ado, for\u00eat, arbre\" \/><\/figure>\n<p>\t\t\t\t\t\t\t\t\t\t\t\tPr\u00e9c\u00e9dent<br \/>\n\t\t\t\t\t\t\t\t\t\t\t\tSuivant<\/p>\n<style>\/*! elementor - v3.6.5 - 27-04-2022 *\/\n.e-container.e-container--row .elementor-spacer-inner{width:var(--spacer-size)}.e-container.e-container--column .elementor-spacer-inner,.elementor-column .elementor-spacer-inner{height:var(--spacer-size)}<\/style>\n<style>\/*! elementor - v3.6.5 - 27-04-2022 *\/\n.elementor-heading-title{padding:0;margin:0;line-height:1}.elementor-widget-heading .elementor-heading-title[class*=elementor-size-]>a{color:inherit;font-size:inherit;line-height:inherit}.elementor-widget-heading .elementor-heading-title.elementor-size-small{font-size:15px}.elementor-widget-heading .elementor-heading-title.elementor-size-medium{font-size:19px}.elementor-widget-heading .elementor-heading-title.elementor-size-large{font-size:29px}.elementor-widget-heading .elementor-heading-title.elementor-size-xl{font-size:39px}.elementor-widget-heading .elementor-heading-title.elementor-size-xxl{font-size:59px}<\/style>\n<h2>Descubre nuestras actividades transversales<\/h2>\n<p>\u00bfNecesitas actividades sencillas para realizar en el bosque?<\/p>\n<p>Ofrecemos un conjunto de actividades dise\u00f1adas por expertos forestales. Descubre nuestras actividades transversales que abarcan los principales temas de nuestro programa educativo: entender el funcionamiento del arbol, la gesti\u00f3n forestal y la bioeconom\u00eda forestal.<\/p>\n<h6><strong>Actividades transversales para hacer en clase<\/strong><\/h6>\n<h6><strong>\u00a0<\/strong><\/h6>\n<ul>\n<li>Las diferentes partes de un \u00e1rbol<\/li>\n<li>Reconocer los \u00e1rboles<\/li>\n<li>Mirar un tronco y contar los anillos<\/li>\n<li>\u00bfQu\u00e9 se hace con la madera una vez que el silvicultor ha dicho que se corte el \u00e1rbol?<\/li>\n<\/ul>\n<h6><strong>Actividades transversales para hacer en el exterior<\/strong><\/h6>\n<h6><strong>\u00a0<\/strong><\/h6>\n<ul>\n<li>Medir un \u00e1rbol<\/li>\n<li>Tipo de bosque<\/li>\n<li>C\u00e1lculo del volumen<\/li>\n<li>Calcular la cantidad de carbono de un \u00e1rbol<\/li>\n<\/ul>\n<p>\t\t\t<a href=\"https:\/\/kebbe.iefc.net\/es\/2021\/12\/22\/activite-transversale-a-faire-en-classe\/\" role=\"button\"><br \/>\n\t\t\t\t\t\tVer la actividad<br \/>\n\t\t\t\t\t<\/a><br \/>\n\t\t\t<a href=\"https:\/\/kebbe.iefc.net\/es\/2021\/12\/22\/activite-transversale-a-faire-en-exterieur\/\" role=\"button\"><br \/>\n\t\t\t\t\t\tVer la actividad<br \/>\n\t\t\t\t\t<\/a><\/p>\n<h2>Nuestro programa educativo completo<\/h2>\n<p>Hay contenidos espec\u00edficos para alumnos de primaria y secundaria. Se han elaborado con profesores y especialistas en silvicultura.<\/p>\n<p>El curso est\u00e1 estructurado en tres partes:<br \/>&#8211; \u00bfQu\u00e9 son un \u00e1rbol y un bosque?<br \/>&#8211; Gesti\u00f3n forestal sostenible<br \/>&#8211; Bioeconom\u00eda forestal basada en los servicios ecosist\u00e9micos<\/p>\n<p>\t\t\t<a href=\"https:\/\/kebbe.iefc.net\/es\/ressources\/\" role=\"button\"><br \/>\n\t\t\t\t\t\tPrograma completo<br \/>\n\t\t\t\t\t<\/a><\/p>\n<h2><a href=\"https:\/\/forms.gle\/bAJFj7uoCVj4qFZ7A\">Cuestionario para los profesores sobre los contenidos del proyecto KEBBE<\/a><\/h2>\n","protected":false},"excerpt":{"rendered":"<p>Pr\u00e9c\u00e9dent Suivant Descubre nuestras actividades transversales \u00bfNecesitas actividades sencillas para realizar en el bosque? Ofrecemos un conjunto de actividades dise\u00f1adas por expertos forestales. Descubre nuestras actividades transversales que abarcan los principales temas de nuestro programa educativo: entender el funcionamiento del arbol, la gesti\u00f3n forestal y la bioeconom\u00eda forestal. Actividades transversales para hacer en clase \u00a0 Las diferentes partes de un \u00e1rbol Reconocer los \u00e1rboles Mirar un tronco y contar los anillos \u00bfQu\u00e9 se hace con la madera una vez que el silvicultor ha dicho que se corte el \u00e1rbol? Actividades transversales para hacer en el exterior \u00a0 Medir un \u00e1rbol Tipo de bosque C\u00e1lculo del volumen Calcular la cantidad de carbono de un \u00e1rbol Ver la actividad Ver la actividad Nuestro programa educativo completo Hay contenidos espec\u00edficos para alumnos de primaria y secundaria. Se han elaborado con profesores y especialistas en silvicultura. El curso est\u00e1 estructurado en tres partes:&#8211; \u00bfQu\u00e9 son un \u00e1rbol y un bosque?&#8211; Gesti\u00f3n forestal sostenible&#8211; Bioeconom\u00eda forestal basada en los servicios ecosist\u00e9micos Programa completo Cuestionario para los profesores sobre los contenidos del proyecto KEBBE<\/p>\n","protected":false},"author":4,"featured_media":0,"parent":0,"menu_order":0,"comment_status":"closed","ping_status":"closed","template":"elementor_header_footer","meta":{"footnotes":""},"class_list":["post-770","page","type-page","status-publish","hentry"],"translation":{"provider":"WPGlobus","version":"3.0.2","language":"es","enabled_languages":["fr","es","eu"],"languages":{"fr":{"title":true,"content":true,"excerpt":false},"es":{"title":true,"content":true,"excerpt":false},"eu":{"title":true,"content":true,"excerpt":false}}},"yoast_head":"<!-- This site is optimized with the Yoast SEO plugin v27.4 - https:\/\/yoast.com\/product\/yoast-seo-wordpress\/ -->\n<title>Accueil - Kebbe<\/title>\n<meta name=\"robots\" content=\"index, follow, max-snippet:-1, max-image-preview:large, max-video-preview:-1\" \/>\n<link rel=\"canonical\" href=\"https:\/\/kebbe.iefc.net\/es\/\" \/>\n<meta property=\"og:locale\" content=\"es_ES\" \/>\n<meta property=\"og:type\" content=\"article\" \/>\n<meta property=\"og:title\" content=\"Accueil - Kebbe\" \/>\n<meta property=\"og:url\" content=\"https:\/\/kebbe.iefc.net\/es\/\" \/>\n<meta property=\"og:site_name\" content=\"Kebbe\" \/>\n<meta property=\"article:modified_time\" content=\"2022-06-15T12:15:04+00:00\" \/>\n<meta property=\"og:image\" content=\"https:\/\/kebbe.iefc.net\/wp-content\/uploads\/elementor\/thumbs\/signal-2021-05-31-201105_004-pgrzyqn3chfyfa1mfb6ygxfjw1yxnlbsjlooa0t1b4.jpeg\" \/>\n<meta name=\"twitter:card\" content=\"summary_large_image\" \/>\n<meta name=\"twitter:label1\" content=\"Est. reading time\" \/>\n\t<meta name=\"twitter:data1\" content=\"3 minutes\" \/>\n<script type=\"application\/ld+json\" class=\"yoast-schema-graph\">{\"@context\":\"https:\\\/\\\/schema.org\",\"@graph\":[{\"@type\":\"WebPage\",\"@id\":\"https:\\\/\\\/kebbe.iefc.net\\\/es\\\/\",\"url\":\"https:\\\/\\\/kebbe.iefc.net\\\/es\\\/\",\"name\":\"Accueil - Kebbe\",\"isPartOf\":{\"@id\":\"https:\\\/\\\/kebbe.iefc.net\\\/es\\\/#website\"},\"primaryImageOfPage\":{\"@id\":\"https:\\\/\\\/kebbe.iefc.net\\\/es\\\/#primaryimage\"},\"image\":{\"@id\":\"https:\\\/\\\/kebbe.iefc.net\\\/es\\\/#primaryimage\"},\"thumbnailUrl\":\"https:\\\/\\\/kebbe.iefc.net\\\/wp-content\\\/uploads\\\/elementor\\\/thumbs\\\/signal-2021-05-31-201105_004-pgrzyqn3chfyfa1mfb6ygxfjw1yxnlbsjlooa0t1b4.jpeg\",\"datePublished\":\"2021-12-22T15:06:02+00:00\",\"dateModified\":\"2022-06-15T12:15:04+00:00\",\"breadcrumb\":{\"@id\":\"https:\\\/\\\/kebbe.iefc.net\\\/es\\\/#breadcrumb\"},\"inLanguage\":\"es-ES\",\"potentialAction\":[{\"@type\":\"ReadAction\",\"target\":[\"https:\\\/\\\/kebbe.iefc.net\\\/es\\\/\"]}]},{\"@type\":\"ImageObject\",\"inLanguage\":\"es-ES\",\"@id\":\"https:\\\/\\\/kebbe.iefc.net\\\/es\\\/#primaryimage\",\"url\":\"https:\\\/\\\/kebbe.iefc.net\\\/wp-content\\\/uploads\\\/elementor\\\/thumbs\\\/signal-2021-05-31-201105_004-pgrzyqn3chfyfa1mfb6ygxfjw1yxnlbsjlooa0t1b4.jpeg\",\"contentUrl\":\"https:\\\/\\\/kebbe.iefc.net\\\/wp-content\\\/uploads\\\/elementor\\\/thumbs\\\/signal-2021-05-31-201105_004-pgrzyqn3chfyfa1mfb6ygxfjw1yxnlbsjlooa0t1b4.jpeg\"},{\"@type\":\"BreadcrumbList\",\"@id\":\"https:\\\/\\\/kebbe.iefc.net\\\/es\\\/#breadcrumb\",\"itemListElement\":[{\"@type\":\"ListItem\",\"position\":1,\"name\":\"Accueil\",\"item\":\"https:\\\/\\\/kebbe.iefc.net\\\/es\\\/\"},{\"@type\":\"ListItem\",\"position\":2,\"name\":\"Accueil\"}]},{\"@type\":\"WebSite\",\"@id\":\"https:\\\/\\\/kebbe.iefc.net\\\/es\\\/#website\",\"url\":\"https:\\\/\\\/kebbe.iefc.net\\\/es\\\/\",\"name\":\"Kebbe\",\"description\":\"Contenido de colaboraci\u00f3n para comprender mejor el bosque y su bioeconom\u00eda.\",\"publisher\":{\"@id\":\"https:\\\/\\\/kebbe.iefc.net\\\/es\\\/#organization\"},\"potentialAction\":[{\"@type\":\"SearchAction\",\"target\":{\"@type\":\"EntryPoint\",\"urlTemplate\":\"https:\\\/\\\/kebbe.iefc.net\\\/es\\\/?s={search_term_string}\"},\"query-input\":{\"@type\":\"PropertyValueSpecification\",\"valueRequired\":true,\"valueName\":\"search_term_string\"}}],\"inLanguage\":\"es-ES\"},{\"@type\":\"Organization\",\"@id\":\"https:\\\/\\\/kebbe.iefc.net\\\/es\\\/#organization\",\"name\":\"Kebbe\",\"url\":\"https:\\\/\\\/kebbe.iefc.net\\\/es\\\/\",\"logo\":{\"@type\":\"ImageObject\",\"inLanguage\":\"es-ES\",\"@id\":\"https:\\\/\\\/kebbe.iefc.net\\\/es\\\/#\\\/schema\\\/logo\\\/image\\\/\",\"url\":\"https:\\\/\\\/kebbe.iefc.net\\\/wp-content\\\/uploads\\\/2021\\\/11\\\/LOGO-KEBE-DEF_TRANSPARENTE.png\",\"contentUrl\":\"https:\\\/\\\/kebbe.iefc.net\\\/wp-content\\\/uploads\\\/2021\\\/11\\\/LOGO-KEBE-DEF_TRANSPARENTE.png\",\"width\":8000,\"height\":3125,\"caption\":\"Kebbe\"},\"image\":{\"@id\":\"https:\\\/\\\/kebbe.iefc.net\\\/es\\\/#\\\/schema\\\/logo\\\/image\\\/\"}}]}<\/script>\n<!-- \/ Yoast SEO plugin. -->","yoast_head_json":{"title":"Accueil - Kebbe","robots":{"index":"index","follow":"follow","max-snippet":"max-snippet:-1","max-image-preview":"max-image-preview:large","max-video-preview":"max-video-preview:-1"},"canonical":"https:\/\/kebbe.iefc.net\/es\/","og_locale":"es_ES","og_type":"article","og_title":"Accueil - Kebbe","og_url":"https:\/\/kebbe.iefc.net\/es\/","og_site_name":"Kebbe","article_modified_time":"2022-06-15T12:15:04+00:00","og_image":[{"url":"https:\/\/kebbe.iefc.net\/wp-content\/uploads\/elementor\/thumbs\/signal-2021-05-31-201105_004-pgrzyqn3chfyfa1mfb6ygxfjw1yxnlbsjlooa0t1b4.jpeg","type":"","width":"","height":""}],"twitter_card":"summary_large_image","twitter_misc":{"Est. reading time":"3 minutes"},"schema":{"@context":"https:\/\/schema.org","@graph":[{"@type":"WebPage","@id":"https:\/\/kebbe.iefc.net\/es\/","url":"https:\/\/kebbe.iefc.net\/es\/","name":"Accueil - Kebbe","isPartOf":{"@id":"https:\/\/kebbe.iefc.net\/es\/#website"},"primaryImageOfPage":{"@id":"https:\/\/kebbe.iefc.net\/es\/#primaryimage"},"image":{"@id":"https:\/\/kebbe.iefc.net\/es\/#primaryimage"},"thumbnailUrl":"https:\/\/kebbe.iefc.net\/wp-content\/uploads\/elementor\/thumbs\/signal-2021-05-31-201105_004-pgrzyqn3chfyfa1mfb6ygxfjw1yxnlbsjlooa0t1b4.jpeg","datePublished":"2021-12-22T15:06:02+00:00","dateModified":"2022-06-15T12:15:04+00:00","breadcrumb":{"@id":"https:\/\/kebbe.iefc.net\/es\/#breadcrumb"},"inLanguage":"es-ES","potentialAction":[{"@type":"ReadAction","target":["https:\/\/kebbe.iefc.net\/es\/"]}]},{"@type":"ImageObject","inLanguage":"es-ES","@id":"https:\/\/kebbe.iefc.net\/es\/#primaryimage","url":"https:\/\/kebbe.iefc.net\/wp-content\/uploads\/elementor\/thumbs\/signal-2021-05-31-201105_004-pgrzyqn3chfyfa1mfb6ygxfjw1yxnlbsjlooa0t1b4.jpeg","contentUrl":"https:\/\/kebbe.iefc.net\/wp-content\/uploads\/elementor\/thumbs\/signal-2021-05-31-201105_004-pgrzyqn3chfyfa1mfb6ygxfjw1yxnlbsjlooa0t1b4.jpeg"},{"@type":"BreadcrumbList","@id":"https:\/\/kebbe.iefc.net\/es\/#breadcrumb","itemListElement":[{"@type":"ListItem","position":1,"name":"Accueil","item":"https:\/\/kebbe.iefc.net\/es\/"},{"@type":"ListItem","position":2,"name":"Accueil"}]},{"@type":"WebSite","@id":"https:\/\/kebbe.iefc.net\/es\/#website","url":"https:\/\/kebbe.iefc.net\/es\/","name":"Kebbe","description":"Contenido de colaboraci\u00f3n para comprender mejor el bosque y su bioeconom\u00eda.","publisher":{"@id":"https:\/\/kebbe.iefc.net\/es\/#organization"},"potentialAction":[{"@type":"SearchAction","target":{"@type":"EntryPoint","urlTemplate":"https:\/\/kebbe.iefc.net\/es\/?s={search_term_string}"},"query-input":{"@type":"PropertyValueSpecification","valueRequired":true,"valueName":"search_term_string"}}],"inLanguage":"es-ES"},{"@type":"Organization","@id":"https:\/\/kebbe.iefc.net\/es\/#organization","name":"Kebbe","url":"https:\/\/kebbe.iefc.net\/es\/","logo":{"@type":"ImageObject","inLanguage":"es-ES","@id":"https:\/\/kebbe.iefc.net\/es\/#\/schema\/logo\/image\/","url":"https:\/\/kebbe.iefc.net\/wp-content\/uploads\/2021\/11\/LOGO-KEBE-DEF_TRANSPARENTE.png","contentUrl":"https:\/\/kebbe.iefc.net\/wp-content\/uploads\/2021\/11\/LOGO-KEBE-DEF_TRANSPARENTE.png","width":8000,"height":3125,"caption":"Kebbe"},"image":{"@id":"https:\/\/kebbe.iefc.net\/es\/#\/schema\/logo\/image\/"}}]}},"_links":{"self":[{"href":"https:\/\/kebbe.iefc.net\/es\/wp-json\/wp\/v2\/pages\/770","targetHints":{"allow":["GET"]}}],"collection":[{"href":"https:\/\/kebbe.iefc.net\/es\/wp-json\/wp\/v2\/pages"}],"about":[{"href":"https:\/\/kebbe.iefc.net\/es\/wp-json\/wp\/v2\/types\/page"}],"author":[{"embeddable":true,"href":"https:\/\/kebbe.iefc.net\/es\/wp-json\/wp\/v2\/users\/4"}],"replies":[{"embeddable":true,"href":"https:\/\/kebbe.iefc.net\/es\/wp-json\/wp\/v2\/comments?post=770"}],"version-history":[{"count":145,"href":"https:\/\/kebbe.iefc.net\/es\/wp-json\/wp\/v2\/pages\/770\/revisions"}],"predecessor-version":[{"id":2227,"href":"https:\/\/kebbe.iefc.net\/es\/wp-json\/wp\/v2\/pages\/770\/revisions\/2227"}],"wp:attachment":[{"href":"https:\/\/kebbe.iefc.net\/es\/wp-json\/wp\/v2\/media?parent=770"}],"curies":[{"name":"wp","href":"https:\/\/api.w.org\/{rel}","templated":true}]}}