{"id":660,"date":"2021-12-22T11:50:38","date_gmt":"2021-12-22T10:50:38","guid":{"rendered":"https:\/\/kebbe.iefc.net\/?page_id=660"},"modified":"2022-08-26T12:30:29","modified_gmt":"2022-08-26T10:30:29","slug":"activites-transversales-animation-clef-en-main-foret-bois-cycle2-cycle3-cycle4-college-lycee","status":"publish","type":"page","link":"https:\/\/kebbe.iefc.net\/es\/activites-transversales-animation-clef-en-main-foret-bois-cycle2-cycle3-cycle4-college-lycee\/","title":{"rendered":"Actividades transversales"},"content":{"rendered":"<style>\/*! elementor - v3.6.5 - 27-04-2022 *\/\n.e-container.e-container--row .elementor-spacer-inner{width:var(--spacer-size)}.e-container.e-container--column .elementor-spacer-inner,.elementor-column .elementor-spacer-inner{height:var(--spacer-size)}<\/style>\n<style>\/*! elementor - v3.6.5 - 27-04-2022 *\/\n.elementor-heading-title{padding:0;margin:0;line-height:1}.elementor-widget-heading .elementor-heading-title[class*=elementor-size-]>a{color:inherit;font-size:inherit;line-height:inherit}.elementor-widget-heading .elementor-heading-title.elementor-size-small{font-size:15px}.elementor-widget-heading .elementor-heading-title.elementor-size-medium{font-size:19px}.elementor-widget-heading .elementor-heading-title.elementor-size-large{font-size:29px}.elementor-widget-heading .elementor-heading-title.elementor-size-xl{font-size:39px}.elementor-widget-heading .elementor-heading-title.elementor-size-xxl{font-size:59px}<\/style>\n<h2>Descubra nuestras actividades transversales\u200b<\/h2>\n<p>\u00bfNecesitas actividades sencillas para realizar en el bosque?<\/p>\n<p>Ofrecemos un conjunto de actividades dise\u00f1adas por expertos forestales. Descubre nuestras actividades transversales que abarcan los principales temas de nuestro programa educativo: entender el funcionamiento del arbol, la gesti\u00f3n forestal y la bioeconom\u00eda forestal.<\/p>\n<h6><strong>Actividades transversales para hacer en clase<\/strong><\/h6>\n<ul>\n<li>Las diferentes partes de un \u00e1rbol<\/li>\n<li>Reconocer los \u00e1rboles<\/li>\n<li>Mirar un tronco y contar los anillos<\/li>\n<li>\u00bfQu\u00e9 se hace con la madera una vez que el silvicultor ha dicho que se corte el \u00e1rbol?<\/li>\n<\/ul>\n<h6><strong>Actividades transversales para hacer en el exterior<\/strong><\/h6>\n<ul>\n<li>Medir un \u00e1rbol<\/li>\n<li>Tipo de bosque<\/li>\n<li>C\u00e1lculo del volumen<\/li>\n<li>Calcular la cantidad de carbono de un \u00e1rbol<\/li>\n<\/ul>\n<p>\t\t\t<a href=\"https:\/\/kebbe.iefc.net\/wp-content\/uploads\/2022\/06\/KEBBE_Actividad_Transversales1_ES.pdf\" role=\"button\"><br \/>\n\t\t\t\t\t\tVer la actividad<br \/>\n\t\t\t\t\t<\/a><br \/>\n\t\t\t<a href=\"https:\/\/kebbe.iefc.net\/wp-content\/uploads\/2022\/04\/KEBBE-ActividadesTransversales2_ES.pdf\" role=\"button\"><br \/>\n\t\t\t\t\t\tVer la actividad<br \/>\n\t\t\t\t\t<\/a><\/p>\n","protected":false},"excerpt":{"rendered":"<p>Descubra nuestras actividades transversales\u200b \u00bfNecesitas actividades sencillas para realizar en el bosque? Ofrecemos un conjunto de actividades dise\u00f1adas por expertos forestales. Descubre nuestras actividades transversales que abarcan los principales temas de nuestro programa educativo: entender el funcionamiento del arbol, la gesti\u00f3n forestal y la bioeconom\u00eda forestal. Actividades transversales para hacer en clase Las diferentes partes de un \u00e1rbol Reconocer los \u00e1rboles Mirar un tronco y contar los anillos \u00bfQu\u00e9 se hace con la madera una vez que el silvicultor ha dicho que se corte el \u00e1rbol? Actividades transversales para hacer en el exterior Medir un \u00e1rbol Tipo de bosque C\u00e1lculo del volumen Calcular la cantidad de carbono de un \u00e1rbol Ver la actividad Ver la actividad<\/p>\n","protected":false},"author":4,"featured_media":0,"parent":0,"menu_order":0,"comment_status":"closed","ping_status":"closed","template":"","meta":{"footnotes":""},"class_list":["post-660","page","type-page","status-publish","hentry"],"translation":{"provider":"WPGlobus","version":"3.0.2","language":"es","enabled_languages":["fr","es","eu"],"languages":{"fr":{"title":true,"content":true,"excerpt":false},"es":{"title":true,"content":true,"excerpt":false},"eu":{"title":true,"content":true,"excerpt":false}}},"yoast_head":"<!-- This site is optimized with the Yoast SEO plugin v27.5 - https:\/\/yoast.com\/product\/yoast-seo-wordpress\/ -->\n<title>Actividades transversales - Kebbe<\/title>\n<meta name=\"robots\" content=\"index, follow, max-snippet:-1, max-image-preview:large, max-video-preview:-1\" \/>\n<link rel=\"canonical\" href=\"https:\/\/kebbe.iefc.net\/es\/activites-transversales-animation-clef-en-main-foret-bois-cycle2-cycle3-cycle4-college-lycee\/\" \/>\n<meta property=\"og:locale\" content=\"es_ES\" \/>\n<meta property=\"og:type\" content=\"article\" \/>\n<meta property=\"og:title\" content=\"Actividades transversales - Kebbe\" \/>\n<meta property=\"og:url\" content=\"https:\/\/kebbe.iefc.net\/es\/activites-transversales-animation-clef-en-main-foret-bois-cycle2-cycle3-cycle4-college-lycee\/\" \/>\n<meta property=\"og:site_name\" content=\"Kebbe\" \/>\n<meta property=\"article:modified_time\" content=\"2022-08-26T10:30:29+00:00\" \/>\n<meta name=\"twitter:card\" content=\"summary_large_image\" \/>\n<meta name=\"twitter:label1\" content=\"Est. reading time\" \/>\n\t<meta name=\"twitter:data1\" content=\"2 minutes\" \/>\n<script type=\"application\/ld+json\" class=\"yoast-schema-graph\">{\"@context\":\"https:\\\/\\\/schema.org\",\"@graph\":[{\"@type\":\"WebPage\",\"@id\":\"https:\\\/\\\/kebbe.iefc.net\\\/es\\\/activites-transversales-animation-clef-en-main-foret-bois-cycle2-cycle3-cycle4-college-lycee\\\/\",\"url\":\"https:\\\/\\\/kebbe.iefc.net\\\/es\\\/activites-transversales-animation-clef-en-main-foret-bois-cycle2-cycle3-cycle4-college-lycee\\\/\",\"name\":\"Actividades transversales - Kebbe\",\"isPartOf\":{\"@id\":\"https:\\\/\\\/kebbe.iefc.net\\\/es\\\/#website\"},\"datePublished\":\"2021-12-22T10:50:38+00:00\",\"dateModified\":\"2022-08-26T10:30:29+00:00\",\"breadcrumb\":{\"@id\":\"https:\\\/\\\/kebbe.iefc.net\\\/es\\\/activites-transversales-animation-clef-en-main-foret-bois-cycle2-cycle3-cycle4-college-lycee\\\/#breadcrumb\"},\"inLanguage\":\"es-ES\",\"potentialAction\":[{\"@type\":\"ReadAction\",\"target\":[\"https:\\\/\\\/kebbe.iefc.net\\\/es\\\/activites-transversales-animation-clef-en-main-foret-bois-cycle2-cycle3-cycle4-college-lycee\\\/\"]}]},{\"@type\":\"BreadcrumbList\",\"@id\":\"https:\\\/\\\/kebbe.iefc.net\\\/es\\\/activites-transversales-animation-clef-en-main-foret-bois-cycle2-cycle3-cycle4-college-lycee\\\/#breadcrumb\",\"itemListElement\":[{\"@type\":\"ListItem\",\"position\":1,\"name\":\"Accueil\",\"item\":\"https:\\\/\\\/kebbe.iefc.net\\\/es\\\/\"},{\"@type\":\"ListItem\",\"position\":2,\"name\":\"Actividades transversales\"}]},{\"@type\":\"WebSite\",\"@id\":\"https:\\\/\\\/kebbe.iefc.net\\\/es\\\/#website\",\"url\":\"https:\\\/\\\/kebbe.iefc.net\\\/es\\\/\",\"name\":\"Kebbe\",\"description\":\"Contenido de colaboraci\u00f3n para comprender mejor el bosque y su bioeconom\u00eda.\",\"publisher\":{\"@id\":\"https:\\\/\\\/kebbe.iefc.net\\\/es\\\/#organization\"},\"potentialAction\":[{\"@type\":\"SearchAction\",\"target\":{\"@type\":\"EntryPoint\",\"urlTemplate\":\"https:\\\/\\\/kebbe.iefc.net\\\/es\\\/?s={search_term_string}\"},\"query-input\":{\"@type\":\"PropertyValueSpecification\",\"valueRequired\":true,\"valueName\":\"search_term_string\"}}],\"inLanguage\":\"es-ES\"},{\"@type\":\"Organization\",\"@id\":\"https:\\\/\\\/kebbe.iefc.net\\\/es\\\/#organization\",\"name\":\"Kebbe\",\"url\":\"https:\\\/\\\/kebbe.iefc.net\\\/es\\\/\",\"logo\":{\"@type\":\"ImageObject\",\"inLanguage\":\"es-ES\",\"@id\":\"https:\\\/\\\/kebbe.iefc.net\\\/es\\\/#\\\/schema\\\/logo\\\/image\\\/\",\"url\":\"https:\\\/\\\/kebbe.iefc.net\\\/wp-content\\\/uploads\\\/2021\\\/11\\\/LOGO-KEBE-DEF_TRANSPARENTE.png\",\"contentUrl\":\"https:\\\/\\\/kebbe.iefc.net\\\/wp-content\\\/uploads\\\/2021\\\/11\\\/LOGO-KEBE-DEF_TRANSPARENTE.png\",\"width\":8000,\"height\":3125,\"caption\":\"Kebbe\"},\"image\":{\"@id\":\"https:\\\/\\\/kebbe.iefc.net\\\/es\\\/#\\\/schema\\\/logo\\\/image\\\/\"}}]}<\/script>\n<!-- \/ Yoast SEO plugin. -->","yoast_head_json":{"title":"Actividades transversales - Kebbe","robots":{"index":"index","follow":"follow","max-snippet":"max-snippet:-1","max-image-preview":"max-image-preview:large","max-video-preview":"max-video-preview:-1"},"canonical":"https:\/\/kebbe.iefc.net\/es\/activites-transversales-animation-clef-en-main-foret-bois-cycle2-cycle3-cycle4-college-lycee\/","og_locale":"es_ES","og_type":"article","og_title":"Actividades transversales - Kebbe","og_url":"https:\/\/kebbe.iefc.net\/es\/activites-transversales-animation-clef-en-main-foret-bois-cycle2-cycle3-cycle4-college-lycee\/","og_site_name":"Kebbe","article_modified_time":"2022-08-26T10:30:29+00:00","twitter_card":"summary_large_image","twitter_misc":{"Est. reading time":"2 minutes"},"schema":{"@context":"https:\/\/schema.org","@graph":[{"@type":"WebPage","@id":"https:\/\/kebbe.iefc.net\/es\/activites-transversales-animation-clef-en-main-foret-bois-cycle2-cycle3-cycle4-college-lycee\/","url":"https:\/\/kebbe.iefc.net\/es\/activites-transversales-animation-clef-en-main-foret-bois-cycle2-cycle3-cycle4-college-lycee\/","name":"Actividades transversales - Kebbe","isPartOf":{"@id":"https:\/\/kebbe.iefc.net\/es\/#website"},"datePublished":"2021-12-22T10:50:38+00:00","dateModified":"2022-08-26T10:30:29+00:00","breadcrumb":{"@id":"https:\/\/kebbe.iefc.net\/es\/activites-transversales-animation-clef-en-main-foret-bois-cycle2-cycle3-cycle4-college-lycee\/#breadcrumb"},"inLanguage":"es-ES","potentialAction":[{"@type":"ReadAction","target":["https:\/\/kebbe.iefc.net\/es\/activites-transversales-animation-clef-en-main-foret-bois-cycle2-cycle3-cycle4-college-lycee\/"]}]},{"@type":"BreadcrumbList","@id":"https:\/\/kebbe.iefc.net\/es\/activites-transversales-animation-clef-en-main-foret-bois-cycle2-cycle3-cycle4-college-lycee\/#breadcrumb","itemListElement":[{"@type":"ListItem","position":1,"name":"Accueil","item":"https:\/\/kebbe.iefc.net\/es\/"},{"@type":"ListItem","position":2,"name":"Actividades transversales"}]},{"@type":"WebSite","@id":"https:\/\/kebbe.iefc.net\/es\/#website","url":"https:\/\/kebbe.iefc.net\/es\/","name":"Kebbe","description":"Contenido de colaboraci\u00f3n para comprender mejor el bosque y su bioeconom\u00eda.","publisher":{"@id":"https:\/\/kebbe.iefc.net\/es\/#organization"},"potentialAction":[{"@type":"SearchAction","target":{"@type":"EntryPoint","urlTemplate":"https:\/\/kebbe.iefc.net\/es\/?s={search_term_string}"},"query-input":{"@type":"PropertyValueSpecification","valueRequired":true,"valueName":"search_term_string"}}],"inLanguage":"es-ES"},{"@type":"Organization","@id":"https:\/\/kebbe.iefc.net\/es\/#organization","name":"Kebbe","url":"https:\/\/kebbe.iefc.net\/es\/","logo":{"@type":"ImageObject","inLanguage":"es-ES","@id":"https:\/\/kebbe.iefc.net\/es\/#\/schema\/logo\/image\/","url":"https:\/\/kebbe.iefc.net\/wp-content\/uploads\/2021\/11\/LOGO-KEBE-DEF_TRANSPARENTE.png","contentUrl":"https:\/\/kebbe.iefc.net\/wp-content\/uploads\/2021\/11\/LOGO-KEBE-DEF_TRANSPARENTE.png","width":8000,"height":3125,"caption":"Kebbe"},"image":{"@id":"https:\/\/kebbe.iefc.net\/es\/#\/schema\/logo\/image\/"}}]}},"_links":{"self":[{"href":"https:\/\/kebbe.iefc.net\/es\/wp-json\/wp\/v2\/pages\/660","targetHints":{"allow":["GET"]}}],"collection":[{"href":"https:\/\/kebbe.iefc.net\/es\/wp-json\/wp\/v2\/pages"}],"about":[{"href":"https:\/\/kebbe.iefc.net\/es\/wp-json\/wp\/v2\/types\/page"}],"author":[{"embeddable":true,"href":"https:\/\/kebbe.iefc.net\/es\/wp-json\/wp\/v2\/users\/4"}],"replies":[{"embeddable":true,"href":"https:\/\/kebbe.iefc.net\/es\/wp-json\/wp\/v2\/comments?post=660"}],"version-history":[{"count":78,"href":"https:\/\/kebbe.iefc.net\/es\/wp-json\/wp\/v2\/pages\/660\/revisions"}],"predecessor-version":[{"id":2178,"href":"https:\/\/kebbe.iefc.net\/es\/wp-json\/wp\/v2\/pages\/660\/revisions\/2178"}],"wp:attachment":[{"href":"https:\/\/kebbe.iefc.net\/es\/wp-json\/wp\/v2\/media?parent=660"}],"curies":[{"name":"wp","href":"https:\/\/api.w.org\/{rel}","templated":true}]}}