{"id":100,"date":"2021-11-29T15:21:53","date_gmt":"2021-11-29T14:21:53","guid":{"rendered":"https:\/\/kebbe.iefc.net\/?page_id=100"},"modified":"2022-08-26T12:36:44","modified_gmt":"2022-08-26T10:36:44","slug":"ressources-primaire-secondaire-scolaire-escuelas-bosque-bioeconomia","status":"publish","type":"page","link":"https:\/\/kebbe.iefc.net\/es\/ressources-primaire-secondaire-scolaire-escuelas-bosque-bioeconomia\/","title":{"rendered":"Recursos"},"content":{"rendered":"<style>\/*! elementor - v3.6.5 - 27-04-2022 *\/\n.e-container.e-container--row .elementor-spacer-inner{width:var(--spacer-size)}.e-container.e-container--column .elementor-spacer-inner,.elementor-column .elementor-spacer-inner{height:var(--spacer-size)}<\/style>\n<style>\/*! elementor - v3.6.5 - 27-04-2022 *\/\n.elementor-heading-title{padding:0;margin:0;line-height:1}.elementor-widget-heading .elementor-heading-title[class*=elementor-size-]>a{color:inherit;font-size:inherit;line-height:inherit}.elementor-widget-heading .elementor-heading-title.elementor-size-small{font-size:15px}.elementor-widget-heading .elementor-heading-title.elementor-size-medium{font-size:19px}.elementor-widget-heading .elementor-heading-title.elementor-size-large{font-size:29px}.elementor-widget-heading .elementor-heading-title.elementor-size-xl{font-size:39px}.elementor-widget-heading .elementor-heading-title.elementor-size-xxl{font-size:59px}<\/style>\n<h2>Actividades transversales<\/h2>\n<h6><strong>Actividades transversales para hacer en clase<br \/><\/strong><\/h6>\n<ul>\n<li>Semillas y clasificaci\u00f3n de los \u00e1rboles<\/li>\n<li>C\u00e1lculo de los anillos de un \u00e1rbol<\/li>\n<li>Productos forestales<\/li>\n<\/ul>\n<h6><strong>Actividades transversales para hacer en el exterior<\/strong><strong>&nbsp;<\/strong><\/h6>\n<ul>\n<li>Medir un \u00e1rbol<\/li>\n<li>Tipo de bosque<\/li>\n<li>C\u00e1lculo del volumen<\/li>\n<li>Erosi\u00f3n<\/li>\n<\/ul>\n<p>\t\t\t<a href=\"https:\/\/kebbe.iefc.net\/es\/2021\/12\/22\/activite-transversale-a-faire-en-classe\/\" role=\"button\"><br \/>\n\t\t\t\t\t\tVer la actividad<br \/>\n\t\t\t\t\t<\/a><br \/>\n\t\t\t<a href=\"https:\/\/kebbe.iefc.net\/es\/2021\/12\/22\/activite-transversale-a-faire-en-exterieur\/\" role=\"button\"><br \/>\n\t\t\t\t\t\tVer la actividad<br \/>\n\t\t\t\t\t<\/a><\/p>\n<h2>Nuestro programa educativo completo<\/h2>\n<style>\/*! elementor - v3.6.5 - 27-04-2022 *\/\n.elementor-widget-image{text-align:center}.elementor-widget-image a{display:inline-block}.elementor-widget-image a img[src$=\".svg\"]{width:48px}.elementor-widget-image img{vertical-align:middle;display:inline-block}<\/style>\n<p>\t\t\t\t\t\t\t\t\t\t\t\t<img loading=\"lazy\" decoding=\"async\" width=\"150\" height=\"150\" src=\"https:\/\/kebbe.iefc.net\/wp-content\/uploads\/2021\/12\/tree-150x150.png\" alt=\"\" loading=\"lazy\" srcset=\"https:\/\/kebbe.iefc.net\/wp-content\/uploads\/2021\/12\/tree-150x150.png 150w, https:\/\/kebbe.iefc.net\/wp-content\/uploads\/2021\/12\/tree-300x300.png 300w, https:\/\/kebbe.iefc.net\/wp-content\/uploads\/2021\/12\/tree-75x75.png 75w, https:\/\/kebbe.iefc.net\/wp-content\/uploads\/2021\/12\/tree.png 512w\" sizes=\"auto, (max-width: 150px) 100vw, 150px\" \/>\t\t\t\t\t\t\t\t\t\t\t\t\t\t\t<\/p>\n<h6><strong>\u00bfQu\u00e9 son un \u00e1rbol y un bosque?<\/strong><\/h6>\n<p>\t\t\t\t\t\t\t\t\t\t\t\t\t\t\t<img loading=\"lazy\" decoding=\"async\" width=\"150\" height=\"150\" src=\"https:\/\/kebbe.iefc.net\/wp-content\/uploads\/2021\/12\/recycling-150x150.png\" alt=\"\" loading=\"lazy\" srcset=\"https:\/\/kebbe.iefc.net\/wp-content\/uploads\/2021\/12\/recycling-150x150.png 150w, https:\/\/kebbe.iefc.net\/wp-content\/uploads\/2021\/12\/recycling-300x300.png 300w, https:\/\/kebbe.iefc.net\/wp-content\/uploads\/2021\/12\/recycling-75x75.png 75w, https:\/\/kebbe.iefc.net\/wp-content\/uploads\/2021\/12\/recycling.png 512w\" sizes=\"auto, (max-width: 150px) 100vw, 150px\" \/>\t\t\t\t\t\t\t\t\t\t\t\t\t\t\t<\/p>\n<h6><strong>La gesti\u00f3n forestal sostenible<br \/><\/strong><\/h6>\n<p>\t\t\t\t\t\t\t\t\t\t\t\t\t\t\t<img loading=\"lazy\" decoding=\"async\" width=\"150\" height=\"150\" src=\"https:\/\/kebbe.iefc.net\/wp-content\/uploads\/2021\/12\/plant-a-tree-150x150.png\" alt=\"\" loading=\"lazy\" srcset=\"https:\/\/kebbe.iefc.net\/wp-content\/uploads\/2021\/12\/plant-a-tree-150x150.png 150w, https:\/\/kebbe.iefc.net\/wp-content\/uploads\/2021\/12\/plant-a-tree-300x300.png 300w, https:\/\/kebbe.iefc.net\/wp-content\/uploads\/2021\/12\/plant-a-tree-75x75.png 75w, https:\/\/kebbe.iefc.net\/wp-content\/uploads\/2021\/12\/plant-a-tree.png 512w\" sizes=\"auto, (max-width: 150px) 100vw, 150px\" \/>\t\t\t\t\t\t\t\t\t\t\t\t\t\t\t<\/p>\n<h6><strong>La bioeconom\u00eda: una econom\u00eda basada en recursos renovables<br \/><\/strong><\/h6>\n<ul>\n<li>Identificar las principales funciones del \u00e1rbol seg\u00fan su constituci\u00f3n<\/li>\n<li>Identificar las principales funciones del medio ambiente para el \u00e1rbol<\/li>\n<li>Establecer el v\u00ednculo entre un \u00e1rbol y un bosque<\/li>\n<li>Percibir el papel del bosque en un paisaje y\/o un territorio<\/li>\n<\/ul>\n<ul>\n<li>Definir la planificaci\u00f3n forestal e identificar las principales fases<\/li>\n<li>Describir las principales acciones de la gesti\u00f3n forestal sostenible y sus<br \/>consecuencias<\/li>\n<li>Consideraciones generales sobre la gesti\u00f3n y los riesgos<\/li>\n<li>Definici\u00f3n y certificaci\u00f3n de la gesti\u00f3n forestal sostenible<\/li>\n<\/ul>\n<ul>\n<li>Identificaci\u00f3n y clasificaci\u00f3n de los servicios de los ecosistemas<\/li>\n<li>Servicios de suministro forestal: madera y otros usos tradicionales<\/li>\n<li>Nueva producci\u00f3n del bosque<\/li>\n<li>Servicios normativos y socioculturales<\/li>\n<\/ul>\n<p>\t\t\t<a href=\"https:\/\/kebbe.iefc.net\/es\/que-sont-un-arbre-et-une-foret\/\" role=\"button\"><br \/>\n\t\t\t\t\t\tVer contenido<br \/>\n\t\t\t\t\t<\/a><br \/>\n\t\t\t<a href=\"https:\/\/kebbe.iefc.net\/es\/la-gestion-durable-des-forets\/\" role=\"button\"><br \/>\n\t\t\t\t\t\tVer contenido<br \/>\n\t\t\t\t\t<\/a><br \/>\n\t\t\t<a href=\"https:\/\/kebbe.iefc.net\/es\/la-bioeconomie-une-economie-basee-sur-les-ressources-renouvelables\/\" role=\"button\"><br \/>\n\t\t\t\t\t\tVer contenido<br \/>\n\t\t\t\t\t<\/a><\/p>\n","protected":false},"excerpt":{"rendered":"<p>Actividades transversales Actividades transversales para hacer en clase Semillas y clasificaci\u00f3n de los \u00e1rboles C\u00e1lculo de los anillos de un \u00e1rbol Productos forestales Actividades transversales para hacer en el exterior&nbsp; Medir un \u00e1rbol Tipo de bosque C\u00e1lculo del volumen Erosi\u00f3n Ver la actividad Ver la actividad Nuestro programa educativo completo \u00bfQu\u00e9 son un \u00e1rbol y un bosque? La gesti\u00f3n forestal sostenible La bioeconom\u00eda: una econom\u00eda basada en recursos renovables Identificar las principales funciones del \u00e1rbol seg\u00fan su constituci\u00f3n Identificar las principales funciones del medio ambiente para el \u00e1rbol Establecer el v\u00ednculo entre un \u00e1rbol y un bosque Percibir el papel del bosque en un paisaje y\/o un territorio Definir la planificaci\u00f3n forestal e identificar las principales fases Describir las principales acciones de la gesti\u00f3n forestal sostenible y susconsecuencias Consideraciones generales sobre la gesti\u00f3n y los riesgos Definici\u00f3n y certificaci\u00f3n de la gesti\u00f3n forestal sostenible Identificaci\u00f3n y clasificaci\u00f3n de los servicios de los ecosistemas Servicios de suministro forestal: madera y otros usos tradicionales Nueva producci\u00f3n del bosque Servicios normativos y socioculturales Ver contenido Ver contenido Ver contenido<\/p>\n","protected":false},"author":2,"featured_media":0,"parent":0,"menu_order":0,"comment_status":"closed","ping_status":"closed","template":"","meta":{"footnotes":""},"class_list":["post-100","page","type-page","status-publish","hentry"],"translation":{"provider":"WPGlobus","version":"3.0.2","language":"es","enabled_languages":["fr","es","eu"],"languages":{"fr":{"title":true,"content":true,"excerpt":false},"es":{"title":true,"content":true,"excerpt":false},"eu":{"title":true,"content":true,"excerpt":false}}},"yoast_head":"<!-- This site is optimized with the Yoast SEO plugin v27.4 - https:\/\/yoast.com\/product\/yoast-seo-wordpress\/ -->\n<title>Recursos - Kebbe<\/title>\n<meta name=\"robots\" content=\"index, follow, max-snippet:-1, max-image-preview:large, max-video-preview:-1\" \/>\n<link rel=\"canonical\" href=\"https:\/\/kebbe.iefc.net\/ressources-primaire-secondaire-scolaire-escuelas-bosque-bioeconomia\/\" \/>\n<meta property=\"og:locale\" content=\"es_ES\" \/>\n<meta property=\"og:type\" content=\"article\" \/>\n<meta property=\"og:title\" content=\"Recursos - Kebbe\" \/>\n<meta property=\"og:url\" content=\"https:\/\/kebbe.iefc.net\/ressources-primaire-secondaire-scolaire-escuelas-bosque-bioeconomia\/\" \/>\n<meta property=\"og:site_name\" content=\"Kebbe\" \/>\n<meta property=\"article:modified_time\" content=\"2022-08-26T10:36:44+00:00\" \/>\n<meta property=\"og:image\" content=\"https:\/\/kebbe.iefc.net\/wp-content\/uploads\/2021\/12\/tree-150x150.png\" \/>\n<meta name=\"twitter:card\" content=\"summary_large_image\" \/>\n<meta name=\"twitter:label1\" content=\"Est. reading time\" \/>\n\t<meta name=\"twitter:data1\" content=\"2 minutes\" \/>\n<script type=\"application\/ld+json\" class=\"yoast-schema-graph\">{\"@context\":\"https:\\\/\\\/schema.org\",\"@graph\":[{\"@type\":\"WebPage\",\"@id\":\"https:\\\/\\\/kebbe.iefc.net\\\/ressources-primaire-secondaire-scolaire-escuelas-bosque-bioeconomia\\\/\",\"url\":\"https:\\\/\\\/kebbe.iefc.net\\\/ressources-primaire-secondaire-scolaire-escuelas-bosque-bioeconomia\\\/\",\"name\":\"Recursos - Kebbe\",\"isPartOf\":{\"@id\":\"https:\\\/\\\/kebbe.iefc.net\\\/es\\\/#website\"},\"primaryImageOfPage\":{\"@id\":\"https:\\\/\\\/kebbe.iefc.net\\\/ressources-primaire-secondaire-scolaire-escuelas-bosque-bioeconomia\\\/#primaryimage\"},\"image\":{\"@id\":\"https:\\\/\\\/kebbe.iefc.net\\\/ressources-primaire-secondaire-scolaire-escuelas-bosque-bioeconomia\\\/#primaryimage\"},\"thumbnailUrl\":\"https:\\\/\\\/kebbe.iefc.net\\\/wp-content\\\/uploads\\\/2021\\\/12\\\/tree-150x150.png\",\"datePublished\":\"2021-11-29T14:21:53+00:00\",\"dateModified\":\"2022-08-26T10:36:44+00:00\",\"breadcrumb\":{\"@id\":\"https:\\\/\\\/kebbe.iefc.net\\\/ressources-primaire-secondaire-scolaire-escuelas-bosque-bioeconomia\\\/#breadcrumb\"},\"inLanguage\":\"es-ES\",\"potentialAction\":[{\"@type\":\"ReadAction\",\"target\":[\"https:\\\/\\\/kebbe.iefc.net\\\/ressources-primaire-secondaire-scolaire-escuelas-bosque-bioeconomia\\\/\"]}]},{\"@type\":\"ImageObject\",\"inLanguage\":\"es-ES\",\"@id\":\"https:\\\/\\\/kebbe.iefc.net\\\/ressources-primaire-secondaire-scolaire-escuelas-bosque-bioeconomia\\\/#primaryimage\",\"url\":\"https:\\\/\\\/kebbe.iefc.net\\\/wp-content\\\/uploads\\\/2021\\\/12\\\/tree-150x150.png\",\"contentUrl\":\"https:\\\/\\\/kebbe.iefc.net\\\/wp-content\\\/uploads\\\/2021\\\/12\\\/tree-150x150.png\"},{\"@type\":\"BreadcrumbList\",\"@id\":\"https:\\\/\\\/kebbe.iefc.net\\\/ressources-primaire-secondaire-scolaire-escuelas-bosque-bioeconomia\\\/#breadcrumb\",\"itemListElement\":[{\"@type\":\"ListItem\",\"position\":1,\"name\":\"Accueil\",\"item\":\"https:\\\/\\\/kebbe.iefc.net\\\/es\\\/\"},{\"@type\":\"ListItem\",\"position\":2,\"name\":\"Ressources\"}]},{\"@type\":\"WebSite\",\"@id\":\"https:\\\/\\\/kebbe.iefc.net\\\/es\\\/#website\",\"url\":\"https:\\\/\\\/kebbe.iefc.net\\\/es\\\/\",\"name\":\"Kebbe\",\"description\":\"Contenido de colaboraci\u00f3n para comprender mejor el bosque y su bioeconom\u00eda.\",\"publisher\":{\"@id\":\"https:\\\/\\\/kebbe.iefc.net\\\/es\\\/#organization\"},\"potentialAction\":[{\"@type\":\"SearchAction\",\"target\":{\"@type\":\"EntryPoint\",\"urlTemplate\":\"https:\\\/\\\/kebbe.iefc.net\\\/es\\\/?s={search_term_string}\"},\"query-input\":{\"@type\":\"PropertyValueSpecification\",\"valueRequired\":true,\"valueName\":\"search_term_string\"}}],\"inLanguage\":\"es-ES\"},{\"@type\":\"Organization\",\"@id\":\"https:\\\/\\\/kebbe.iefc.net\\\/es\\\/#organization\",\"name\":\"Kebbe\",\"url\":\"https:\\\/\\\/kebbe.iefc.net\\\/es\\\/\",\"logo\":{\"@type\":\"ImageObject\",\"inLanguage\":\"es-ES\",\"@id\":\"https:\\\/\\\/kebbe.iefc.net\\\/es\\\/#\\\/schema\\\/logo\\\/image\\\/\",\"url\":\"https:\\\/\\\/kebbe.iefc.net\\\/wp-content\\\/uploads\\\/2021\\\/11\\\/LOGO-KEBE-DEF_TRANSPARENTE.png\",\"contentUrl\":\"https:\\\/\\\/kebbe.iefc.net\\\/wp-content\\\/uploads\\\/2021\\\/11\\\/LOGO-KEBE-DEF_TRANSPARENTE.png\",\"width\":8000,\"height\":3125,\"caption\":\"Kebbe\"},\"image\":{\"@id\":\"https:\\\/\\\/kebbe.iefc.net\\\/es\\\/#\\\/schema\\\/logo\\\/image\\\/\"}}]}<\/script>\n<!-- \/ Yoast SEO plugin. -->","yoast_head_json":{"title":"Recursos - Kebbe","robots":{"index":"index","follow":"follow","max-snippet":"max-snippet:-1","max-image-preview":"max-image-preview:large","max-video-preview":"max-video-preview:-1"},"canonical":"https:\/\/kebbe.iefc.net\/ressources-primaire-secondaire-scolaire-escuelas-bosque-bioeconomia\/","og_locale":"es_ES","og_type":"article","og_title":"Recursos - Kebbe","og_url":"https:\/\/kebbe.iefc.net\/ressources-primaire-secondaire-scolaire-escuelas-bosque-bioeconomia\/","og_site_name":"Kebbe","article_modified_time":"2022-08-26T10:36:44+00:00","og_image":[{"url":"https:\/\/kebbe.iefc.net\/wp-content\/uploads\/2021\/12\/tree-150x150.png","type":"","width":"","height":""}],"twitter_card":"summary_large_image","twitter_misc":{"Est. reading time":"2 minutes"},"schema":{"@context":"https:\/\/schema.org","@graph":[{"@type":"WebPage","@id":"https:\/\/kebbe.iefc.net\/ressources-primaire-secondaire-scolaire-escuelas-bosque-bioeconomia\/","url":"https:\/\/kebbe.iefc.net\/ressources-primaire-secondaire-scolaire-escuelas-bosque-bioeconomia\/","name":"Recursos - Kebbe","isPartOf":{"@id":"https:\/\/kebbe.iefc.net\/es\/#website"},"primaryImageOfPage":{"@id":"https:\/\/kebbe.iefc.net\/ressources-primaire-secondaire-scolaire-escuelas-bosque-bioeconomia\/#primaryimage"},"image":{"@id":"https:\/\/kebbe.iefc.net\/ressources-primaire-secondaire-scolaire-escuelas-bosque-bioeconomia\/#primaryimage"},"thumbnailUrl":"https:\/\/kebbe.iefc.net\/wp-content\/uploads\/2021\/12\/tree-150x150.png","datePublished":"2021-11-29T14:21:53+00:00","dateModified":"2022-08-26T10:36:44+00:00","breadcrumb":{"@id":"https:\/\/kebbe.iefc.net\/ressources-primaire-secondaire-scolaire-escuelas-bosque-bioeconomia\/#breadcrumb"},"inLanguage":"es-ES","potentialAction":[{"@type":"ReadAction","target":["https:\/\/kebbe.iefc.net\/ressources-primaire-secondaire-scolaire-escuelas-bosque-bioeconomia\/"]}]},{"@type":"ImageObject","inLanguage":"es-ES","@id":"https:\/\/kebbe.iefc.net\/ressources-primaire-secondaire-scolaire-escuelas-bosque-bioeconomia\/#primaryimage","url":"https:\/\/kebbe.iefc.net\/wp-content\/uploads\/2021\/12\/tree-150x150.png","contentUrl":"https:\/\/kebbe.iefc.net\/wp-content\/uploads\/2021\/12\/tree-150x150.png"},{"@type":"BreadcrumbList","@id":"https:\/\/kebbe.iefc.net\/ressources-primaire-secondaire-scolaire-escuelas-bosque-bioeconomia\/#breadcrumb","itemListElement":[{"@type":"ListItem","position":1,"name":"Accueil","item":"https:\/\/kebbe.iefc.net\/es\/"},{"@type":"ListItem","position":2,"name":"Ressources"}]},{"@type":"WebSite","@id":"https:\/\/kebbe.iefc.net\/es\/#website","url":"https:\/\/kebbe.iefc.net\/es\/","name":"Kebbe","description":"Contenido de colaboraci\u00f3n para comprender mejor el bosque y su bioeconom\u00eda.","publisher":{"@id":"https:\/\/kebbe.iefc.net\/es\/#organization"},"potentialAction":[{"@type":"SearchAction","target":{"@type":"EntryPoint","urlTemplate":"https:\/\/kebbe.iefc.net\/es\/?s={search_term_string}"},"query-input":{"@type":"PropertyValueSpecification","valueRequired":true,"valueName":"search_term_string"}}],"inLanguage":"es-ES"},{"@type":"Organization","@id":"https:\/\/kebbe.iefc.net\/es\/#organization","name":"Kebbe","url":"https:\/\/kebbe.iefc.net\/es\/","logo":{"@type":"ImageObject","inLanguage":"es-ES","@id":"https:\/\/kebbe.iefc.net\/es\/#\/schema\/logo\/image\/","url":"https:\/\/kebbe.iefc.net\/wp-content\/uploads\/2021\/11\/LOGO-KEBE-DEF_TRANSPARENTE.png","contentUrl":"https:\/\/kebbe.iefc.net\/wp-content\/uploads\/2021\/11\/LOGO-KEBE-DEF_TRANSPARENTE.png","width":8000,"height":3125,"caption":"Kebbe"},"image":{"@id":"https:\/\/kebbe.iefc.net\/es\/#\/schema\/logo\/image\/"}}]}},"_links":{"self":[{"href":"https:\/\/kebbe.iefc.net\/es\/wp-json\/wp\/v2\/pages\/100","targetHints":{"allow":["GET"]}}],"collection":[{"href":"https:\/\/kebbe.iefc.net\/es\/wp-json\/wp\/v2\/pages"}],"about":[{"href":"https:\/\/kebbe.iefc.net\/es\/wp-json\/wp\/v2\/types\/page"}],"author":[{"embeddable":true,"href":"https:\/\/kebbe.iefc.net\/es\/wp-json\/wp\/v2\/users\/2"}],"replies":[{"embeddable":true,"href":"https:\/\/kebbe.iefc.net\/es\/wp-json\/wp\/v2\/comments?post=100"}],"version-history":[{"count":168,"href":"https:\/\/kebbe.iefc.net\/es\/wp-json\/wp\/v2\/pages\/100\/revisions"}],"predecessor-version":[{"id":2188,"href":"https:\/\/kebbe.iefc.net\/es\/wp-json\/wp\/v2\/pages\/100\/revisions\/2188"}],"wp:attachment":[{"href":"https:\/\/kebbe.iefc.net\/es\/wp-json\/wp\/v2\/media?parent=100"}],"curies":[{"name":"wp","href":"https:\/\/api.w.org\/{rel}","templated":true}]}}